{"id":1668,"date":"2023-12-30T17:28:28","date_gmt":"2023-12-30T16:28:28","guid":{"rendered":"http:\/\/madidi-kullpana-ecolodge.info\/?page_id=1668"},"modified":"2026-03-18T13:30:50","modified_gmt":"2026-03-18T12:30:50","slug":"legal-notice-madidi-kullpana-ecolodge-bolivia","status":"publish","type":"page","link":"https:\/\/madidi-kullpana-ecolodge.info\/pt\/impressionante\/","title":{"rendered":"IMPRESSIONANTE"},"content":{"rendered":"\t\t<div data-elementor-type=\"wp-page\" data-elementor-id=\"1668\" class=\"elementor elementor-1668\">\n\t\t\t\t<div class=\"elementor-element elementor-element-39842f57 e-flex e-con-boxed e-con e-parent\" data-id=\"39842f57\" data-element_type=\"container\" data-e-type=\"container\">\n\t\t\t\t\t<div class=\"e-con-inner\">\n\t\t\t\t<div class=\"elementor-element elementor-element-6ff53117 elementor-widget elementor-widget-text-editor\" data-id=\"6ff53117\" data-element_type=\"widget\" data-e-type=\"widget\" data-widget_type=\"text-editor.default\">\n\t\t\t\t<div class=\"elementor-widget-container\">\n\t\t\t\t\t\t\t\t\t<h3><strong>Respons\u00e1vel pelo conte\u00fado deste site:<\/strong><\/h3>\n<p>Richard Borrmann <br \/>Am Rehgraben 57<br \/>14558 Nuthetal<br \/>Telefone: +49 (0) 15566083233<br \/>Email: contact@madidi-kullpana-ecolodge.info<br \/>Internet: https:\/\/madidi-kullpana-ecolodge.info<br \/>N\u00famero do imposto: 34\/039\/03976<\/p>\n<p>&nbsp;<\/p>\n<p>&nbsp;<\/p>\n<h4><strong>INFORMA\u00c7\u00d5ES LEGAIS<\/strong><\/h4>\n<!-- \/wp:heading -->\n\n<!-- wp:heading {\"level\":4} -->\n<h4><strong>1. Limita\u00e7\u00e3o de responsabilidade<\/strong><\/h4>\n<!-- \/wp:heading -->\n\n<!-- wp:paragraph -->\n<p>O conte\u00fado deste site foi criado com o maior cuidado poss\u00edvel. Entretanto, o provedor n\u00e3o assume nenhuma responsabilidade pela precis\u00e3o, integridade e atualidade do conte\u00fado fornecido. O uso do conte\u00fado do site \u00e9 por conta e risco do usu\u00e1rio. As contribui\u00e7\u00f5es identificadas pelo nome refletem a opini\u00e3o do respectivo autor e nem sempre a opini\u00e3o do provedor. O simples uso do site do provedor n\u00e3o cria nenhuma rela\u00e7\u00e3o contratual entre o usu\u00e1rio e o provedor.<\/p>\n<p>&nbsp;<\/p>\n<!-- \/wp:paragraph -->\n\n<!-- wp:heading {\"level\":4} -->\n<h4><strong>2. Links externos<\/strong><\/h4>\n<!-- \/wp:heading -->\n\n<!-- wp:paragraph -->\n<p>Este site cont\u00e9m links para sites de terceiros (&#8220;links externos&#8221;). Esses sites est\u00e3o sujeitos \u00e0 responsabilidade de seus respectivos operadores. Quando os links externos foram criados pela primeira vez, o provedor verificou se havia alguma viola\u00e7\u00e3o legal no conte\u00fado de terceiros. Nenhuma viola\u00e7\u00e3o legal foi detectada naquele momento. O provedor n\u00e3o tem nenhuma influ\u00eancia sobre o design e o conte\u00fado atual e futuro das p\u00e1ginas vinculadas. A inclus\u00e3o de links externos n\u00e3o significa que o provedor adote o conte\u00fado por tr\u00e1s da refer\u00eancia ou do link como seu. N\u00e3o \u00e9 razo\u00e1vel que o provedor monitore constantemente esses links externos sem evid\u00eancias concretas de viola\u00e7\u00f5es legais. No entanto, se o provedor tomar conhecimento de quaisquer viola\u00e7\u00f5es legais, esses links externos ser\u00e3o exclu\u00eddos imediatamente.<\/p>\n<p>&nbsp;<\/p>\n<!-- \/wp:paragraph -->\n\n<!-- wp:heading {\"level\":4} -->\n<h4><strong>3. Direitos autorais e direitos autorais acess\u00f3rios<\/strong><\/h4>\n<!-- \/wp:heading -->\n\n<!-- wp:paragraph -->\n<p>O conte\u00fado publicado neste site est\u00e1 sujeito \u00e0 legisla\u00e7\u00e3o alem\u00e3 de direitos autorais e direitos conexos. Qualquer uso n\u00e3o permitido pela legisla\u00e7\u00e3o alem\u00e3 de direitos autorais e direitos conexos requer o consentimento pr\u00e9vio por escrito do provedor ou do respectivo detentor dos direitos. Isso se aplica, em particular, \u00e0 duplica\u00e7\u00e3o, edi\u00e7\u00e3o, tradu\u00e7\u00e3o, armazenamento, processamento ou reprodu\u00e7\u00e3o de conte\u00fado em bancos de dados ou outros sistemas e m\u00eddias eletr\u00f4nicas. O conte\u00fado e os direitos de terceiros s\u00e3o identificados como tal. A reprodu\u00e7\u00e3o ou distribui\u00e7\u00e3o n\u00e3o autorizada de conte\u00fados individuais ou p\u00e1ginas completas n\u00e3o \u00e9 permitida e \u00e9 pun\u00edvel por lei. Somente a produ\u00e7\u00e3o de c\u00f3pias e downloads para uso pessoal, privado e n\u00e3o comercial \u00e9 permitida. A apresenta\u00e7\u00e3o deste site em quadros externos s\u00f3 \u00e9 permitida com permiss\u00e3o por escrito.<\/p>\n<p>&nbsp;<\/p>\n<!-- \/wp:paragraph -->\n\n<!-- wp:paragraph --><!-- \/wp:paragraph -->\n\n<!-- wp:heading {\"level\":4} -->\n<h4><strong>4. Prote\u00e7\u00e3o de dados<\/strong><\/h4>\n<!-- \/wp:heading -->\n\n<!-- wp:paragraph -->\n<p>Quando voc\u00ea visita o site do provedor, as informa\u00e7\u00f5es sobre o acesso (data, hora, p\u00e1gina visualizada) podem ser armazenadas. Esses dados n\u00e3o s\u00e3o dados pessoais, mas s\u00e3o an\u00f4nimos. Eles s\u00e3o avaliados exclusivamente para fins estat\u00edsticos. N\u00e3o s\u00e3o repassados a terceiros para fins comerciais ou n\u00e3o comerciais.<\/p>\n<!-- \/wp:paragraph -->\n\n<!-- wp:paragraph -->\n<p>O provedor ressalta expressamente que a transmiss\u00e3o de dados na Internet (por exemplo, ao se comunicar por e-mail) est\u00e1 sujeita a falhas de seguran\u00e7a e n\u00e3o pode ser completamente protegida contra o acesso de terceiros.<\/p>\n<!-- \/wp:paragraph -->\n\n<!-- wp:paragraph -->\n<p>O uso dos dados de contato no aviso legal para publicidade comercial n\u00e3o \u00e9 expressamente desejado, a menos que o provedor tenha dado seu consentimento pr\u00e9vio por escrito ou que j\u00e1 exista uma rela\u00e7\u00e3o comercial. O provedor e todas as pessoas mencionadas neste site se op\u00f5em a qualquer uso comercial e divulga\u00e7\u00e3o de seus dados.<\/p>\n<p>&nbsp;<\/p>\n<!-- \/wp:paragraph -->\n\n<!-- wp:heading {\"level\":4} -->\n<h4><strong>5. Termos especiais de uso<\/strong><\/h4>\n<!-- \/wp:heading -->\n\n<!-- wp:paragraph -->\n<p>Na medida em que as condi\u00e7\u00f5es especiais para usos individuais deste site se desviarem dos n\u00fameros 1 a 4 acima mencionados, isso ser\u00e1 expressamente indicado no ponto apropriado. Nesse caso, os termos especiais de uso se aplicam a cada caso individual.<\/p>\t\t\t\t\t\t\t\t<\/div>\n\t\t\t\t<\/div>\n\t\t\t\t\t<\/div>\n\t\t\t\t<\/div>\n\t\t\t\t<\/div>\n\t\t","protected":false},"excerpt":{"rendered":"<p>Responsible for the content of this website: Richard Borrmann Am Rehgraben 5714558 NuthetalPhone: +49 (0) 15566083233Email: contact@madidi-kullpana-ecolodge.infoInternet: https:\/\/madidi-kullpana-ecolodge.infoTax no: 34\/039\/03976 &nbsp; &nbsp; LEGAL INFORMATION 1. Limitation of liability The content of this website has been created with the greatest possible care. However, the provider assumes no liability for the accuracy, completeness and timeliness of the [&hellip;]<\/p>\n","protected":false},"author":2,"featured_media":0,"parent":0,"menu_order":0,"comment_status":"closed","ping_status":"closed","template":"","meta":{"site-sidebar-layout":"default","site-content-layout":"","ast-site-content-layout":"default","site-content-style":"default","site-sidebar-style":"default","ast-global-header-display":"","ast-banner-title-visibility":"","ast-main-header-display":"","ast-hfb-above-header-display":"","ast-hfb-below-header-display":"","ast-hfb-mobile-header-display":"","site-post-title":"","ast-breadcrumbs-content":"","ast-featured-img":"","footer-sml-layout":"","ast-disable-related-posts":"","theme-transparent-header-meta":"","adv-header-id-meta":"","stick-header-meta":"","header-above-stick-meta":"","header-main-stick-meta":"","header-below-stick-meta":"","astra-migrate-meta-layouts":"set","ast-page-background-enabled":"default","ast-page-background-meta":{"desktop":{"background-color":"var(--ast-global-color-4)","background-image":"","background-repeat":"repeat","background-position":"center center","background-size":"auto","background-attachment":"scroll","background-type":"","background-media":"","overlay-type":"","overlay-color":"","overlay-opacity":"","overlay-gradient":""},"tablet":{"background-color":"","background-image":"","background-repeat":"repeat","background-position":"center center","background-size":"auto","background-attachment":"scroll","background-type":"","background-media":"","overlay-type":"","overlay-color":"","overlay-opacity":"","overlay-gradient":""},"mobile":{"background-color":"","background-image":"","background-repeat":"repeat","background-position":"center center","background-size":"auto","background-attachment":"scroll","background-type":"","background-media":"","overlay-type":"","overlay-color":"","overlay-opacity":"","overlay-gradient":""}},"ast-content-background-meta":{"desktop":{"background-color":"var(--ast-global-color-5)","background-image":"","background-repeat":"repeat","background-position":"center center","background-size":"auto","background-attachment":"scroll","background-type":"","background-media":"","overlay-type":"","overlay-color":"","overlay-opacity":"","overlay-gradient":""},"tablet":{"background-color":"var(--ast-global-color-5)","background-image":"","background-repeat":"repeat","background-position":"center center","background-size":"auto","background-attachment":"scroll","background-type":"","background-media":"","overlay-type":"","overlay-color":"","overlay-opacity":"","overlay-gradient":""},"mobile":{"background-color":"var(--ast-global-color-5)","background-image":"","background-repeat":"repeat","background-position":"center center","background-size":"auto","background-attachment":"scroll","background-type":"","background-media":"","overlay-type":"","overlay-color":"","overlay-opacity":"","overlay-gradient":""}},"footnotes":""},"class_list":["post-1668","page","type-page","status-publish","hentry"],"yoast_head":"<!-- This site is optimized with the Yoast SEO plugin v27.5 - https:\/\/yoast.com\/product\/yoast-seo-wordpress\/ -->\n<title>IMPRESSIONANTE<\/title>\n<meta name=\"robots\" content=\"index, follow, max-snippet:-1, max-image-preview:large, max-video-preview:-1\" \/>\n<link rel=\"canonical\" href=\"https:\/\/madidi-kullpana-ecolodge.info\/pt\/\" \/>\n<meta property=\"og:locale\" content=\"pt_BR\" \/>\n<meta property=\"og:type\" content=\"article\" \/>\n<meta property=\"og:title\" content=\"IMPRESSIONANTE\" \/>\n<meta property=\"og:url\" content=\"https:\/\/madidi-kullpana-ecolodge.info\/pt\/impressionante\/\" \/>\n<meta property=\"og:site_name\" content=\"Madidi Kullpana Ecolodge\" \/>\n<meta property=\"article:publisher\" content=\"https:\/\/www.facebook.com\/madidi.kullpana.ecolodge\" \/>\n<meta property=\"article:modified_time\" content=\"2026-03-18T12:30:50+00:00\" \/>\n<meta property=\"og:image\" content=\"https:\/\/madidi-kullpana-ecolodge.info\/wp-content\/uploads\/2025\/08\/Yoast-Seo_Webbild.jpg\" \/>\n\t<meta property=\"og:image:width\" content=\"1200\" \/>\n\t<meta property=\"og:image:height\" content=\"675\" \/>\n\t<meta property=\"og:image:type\" content=\"image\/jpeg\" \/>\n<meta name=\"twitter:card\" content=\"summary_large_image\" \/>\n<meta name=\"twitter:label1\" content=\"Est. tempo de leitura\" \/>\n\t<meta name=\"twitter:data1\" content=\"3 minutos\" \/>\n<script type=\"application\/ld+json\" class=\"yoast-schema-graph\">{\"@context\":\"https:\\\/\\\/schema.org\",\"@graph\":[{\"@type\":\"WebPage\",\"@id\":\"https:\\\/\\\/madidi-kullpana-ecolodge.info\\\/pt\\\/impressionante\\\/\",\"url\":\"https:\\\/\\\/madidi-kullpana-ecolodge.info\\\/pt\\\/impressionante\\\/\",\"name\":\"IMPRINT &#8211; Madidi Kullpana Ecolodge &#8211; Jungle and Pampas Tours in Bolivia\",\"isPartOf\":{\"@id\":\"https:\\\/\\\/madidi-kullpana-ecolodge.info\\\/#website\"},\"datePublished\":\"2023-12-30T16:28:28+00:00\",\"dateModified\":\"2026-03-18T12:30:50+00:00\",\"description\":\"Official legal information and contact details of Madidi Kullpana Ecolodge. Transparency and compliance for our guests and partners.\",\"breadcrumb\":{\"@id\":\"https:\\\/\\\/madidi-kullpana-ecolodge.info\\\/pt\\\/impressionante\\\/#breadcrumb\"},\"inLanguage\":\"pt-BR\",\"potentialAction\":[{\"@type\":\"ReadAction\",\"target\":[\"https:\\\/\\\/madidi-kullpana-ecolodge.info\\\/pt\\\/impressionante\\\/\"]}]},{\"@type\":\"BreadcrumbList\",\"@id\":\"https:\\\/\\\/madidi-kullpana-ecolodge.info\\\/pt\\\/impressionante\\\/#breadcrumb\",\"itemListElement\":[{\"@type\":\"ListItem\",\"position\":1,\"name\":\"INICIO\",\"item\":\"https:\\\/\\\/madidi-kullpana-ecolodge.info\\\/\"},{\"@type\":\"ListItem\",\"position\":2,\"name\":\"IMPRESSIONANTE\"}]},{\"@type\":\"WebSite\",\"@id\":\"https:\\\/\\\/madidi-kullpana-ecolodge.info\\\/pt\\\/#website\",\"url\":\"https:\\\/\\\/madidi-kullpana-ecolodge.info\\\/pt\\\/\",\"name\":\"Madidi Kullpana Ecolodge\",\"description\":\"Jungle &amp; Pampas Tours \u2013 Authentic Indigenous Adventures in Amazon Bolivia\",\"publisher\":{\"@id\":\"https:\\\/\\\/madidi-kullpana-ecolodge.info\\\/pt\\\/#organization\"},\"alternateName\":\"Madidi Kullpana Ecolodge \u2013 Jungle & Pampas Tours\",\"potentialAction\":[{\"@type\":\"SearchAction\",\"target\":{\"@type\":\"EntryPoint\",\"urlTemplate\":\"https:\\\/\\\/madidi-kullpana-ecolodge.info\\\/pt\\\/?s={search_term_string}\"},\"query-input\":{\"@type\":\"PropertyValueSpecification\",\"valueRequired\":true,\"valueName\":\"search_term_string\"}}],\"inLanguage\":\"pt-BR\"},{\"@type\":\"Organization\",\"@id\":\"https:\\\/\\\/madidi-kullpana-ecolodge.info\\\/pt\\\/#organization\",\"name\":\"Madidi Kullpana Ecolodge\",\"alternateName\":\"Jungle & Pampas Tours in Bolivia \u2013 Madidi Kullpana Ecolodge\",\"url\":\"https:\\\/\\\/madidi-kullpana-ecolodge.info\\\/pt\\\/\",\"logo\":{\"@type\":\"ImageObject\",\"inLanguage\":\"pt-BR\",\"@id\":\"https:\\\/\\\/madidi-kullpana-ecolodge.info\\\/pt\\\/#\\\/schema\\\/logo\\\/image\\\/\",\"url\":\"https:\\\/\\\/madidi-kullpana-ecolodge.info\\\/wp-content\\\/uploads\\\/2025\\\/08\\\/cropped-icon_logo-madidi-kullpana_400x380.png\",\"contentUrl\":\"https:\\\/\\\/madidi-kullpana-ecolodge.info\\\/wp-content\\\/uploads\\\/2025\\\/08\\\/cropped-icon_logo-madidi-kullpana_400x380.png\",\"width\":512,\"height\":512,\"caption\":\"Madidi Kullpana Ecolodge\"},\"image\":{\"@id\":\"https:\\\/\\\/madidi-kullpana-ecolodge.info\\\/pt\\\/#\\\/schema\\\/logo\\\/image\\\/\"},\"sameAs\":[\"https:\\\/\\\/www.facebook.com\\\/madidi.kullpana.ecolodge\",\"https:\\\/\\\/www.tiktok.com\\\/@madidi.kullpana.e\",\"https:\\\/\\\/www.youtube.com\\\/channel\\\/UCdCdS1lpVdw3NBq18CFtyDQ\",\"https:\\\/\\\/wa.me\\\/4915566083233\"]}]}<\/script>\n<!-- \/ Yoast SEO plugin. -->","yoast_head_json":{"title":"IMPRESSIONANTE","robots":{"index":"index","follow":"follow","max-snippet":"max-snippet:-1","max-image-preview":"max-image-preview:large","max-video-preview":"max-video-preview:-1"},"canonical":"https:\/\/madidi-kullpana-ecolodge.info\/pt\/","og_locale":"pt_BR","og_type":"article","og_title":"IMPRESSIONANTE","og_url":"https:\/\/madidi-kullpana-ecolodge.info\/pt\/impressionante\/","og_site_name":"Madidi Kullpana Ecolodge","article_publisher":"https:\/\/www.facebook.com\/madidi.kullpana.ecolodge","article_modified_time":"2026-03-18T12:30:50+00:00","og_image":[{"width":1200,"height":675,"url":"https:\/\/madidi-kullpana-ecolodge.info\/wp-content\/uploads\/2025\/08\/Yoast-Seo_Webbild.jpg","type":"image\/jpeg"}],"twitter_card":"summary_large_image","twitter_misc":{"Est. tempo de leitura":"3 minutos"},"schema":{"@context":"https:\/\/schema.org","@graph":[{"@type":"WebPage","@id":"https:\/\/madidi-kullpana-ecolodge.info\/pt\/impressionante\/","url":"https:\/\/madidi-kullpana-ecolodge.info\/pt\/impressionante\/","name":"IMPRINT &#8211; Madidi Kullpana Ecolodge &#8211; Jungle and Pampas Tours in Bolivia","isPartOf":{"@id":"https:\/\/madidi-kullpana-ecolodge.info\/#website"},"datePublished":"2023-12-30T16:28:28+00:00","dateModified":"2026-03-18T12:30:50+00:00","description":"Official legal information and contact details of Madidi Kullpana Ecolodge. Transparency and compliance for our guests and partners.","breadcrumb":{"@id":"https:\/\/madidi-kullpana-ecolodge.info\/pt\/impressionante\/#breadcrumb"},"inLanguage":"pt-BR","potentialAction":[{"@type":"ReadAction","target":["https:\/\/madidi-kullpana-ecolodge.info\/pt\/impressionante\/"]}]},{"@type":"BreadcrumbList","@id":"https:\/\/madidi-kullpana-ecolodge.info\/pt\/impressionante\/#breadcrumb","itemListElement":[{"@type":"ListItem","position":1,"name":"INICIO","item":"https:\/\/madidi-kullpana-ecolodge.info\/"},{"@type":"ListItem","position":2,"name":"IMPRESSIONANTE"}]},{"@type":"WebSite","@id":"https:\/\/madidi-kullpana-ecolodge.info\/pt\/#website","url":"https:\/\/madidi-kullpana-ecolodge.info\/pt\/","name":"Madidi Kullpana Ecolodge","description":"Jungle &amp; Pampas Tours \u2013 Authentic Indigenous Adventures in Amazon Bolivia","publisher":{"@id":"https:\/\/madidi-kullpana-ecolodge.info\/pt\/#organization"},"alternateName":"Madidi Kullpana Ecolodge \u2013 Jungle & Pampas Tours","potentialAction":[{"@type":"SearchAction","target":{"@type":"EntryPoint","urlTemplate":"https:\/\/madidi-kullpana-ecolodge.info\/pt\/?s={search_term_string}"},"query-input":{"@type":"PropertyValueSpecification","valueRequired":true,"valueName":"search_term_string"}}],"inLanguage":"pt-BR"},{"@type":"Organization","@id":"https:\/\/madidi-kullpana-ecolodge.info\/pt\/#organization","name":"Madidi Kullpana Ecolodge","alternateName":"Jungle & Pampas Tours in Bolivia \u2013 Madidi Kullpana Ecolodge","url":"https:\/\/madidi-kullpana-ecolodge.info\/pt\/","logo":{"@type":"ImageObject","inLanguage":"pt-BR","@id":"https:\/\/madidi-kullpana-ecolodge.info\/pt\/#\/schema\/logo\/image\/","url":"https:\/\/madidi-kullpana-ecolodge.info\/wp-content\/uploads\/2025\/08\/cropped-icon_logo-madidi-kullpana_400x380.png","contentUrl":"https:\/\/madidi-kullpana-ecolodge.info\/wp-content\/uploads\/2025\/08\/cropped-icon_logo-madidi-kullpana_400x380.png","width":512,"height":512,"caption":"Madidi Kullpana Ecolodge"},"image":{"@id":"https:\/\/madidi-kullpana-ecolodge.info\/pt\/#\/schema\/logo\/image\/"},"sameAs":["https:\/\/www.facebook.com\/madidi.kullpana.ecolodge","https:\/\/www.tiktok.com\/@madidi.kullpana.e","https:\/\/www.youtube.com\/channel\/UCdCdS1lpVdw3NBq18CFtyDQ","https:\/\/wa.me\/4915566083233"]}]}},"_links":{"self":[{"href":"https:\/\/madidi-kullpana-ecolodge.info\/pt\/wp-json\/wp\/v2\/pages\/1668","targetHints":{"allow":["GET"]}}],"collection":[{"href":"https:\/\/madidi-kullpana-ecolodge.info\/pt\/wp-json\/wp\/v2\/pages"}],"about":[{"href":"https:\/\/madidi-kullpana-ecolodge.info\/pt\/wp-json\/wp\/v2\/types\/page"}],"author":[{"embeddable":true,"href":"https:\/\/madidi-kullpana-ecolodge.info\/pt\/wp-json\/wp\/v2\/users\/2"}],"replies":[{"embeddable":true,"href":"https:\/\/madidi-kullpana-ecolodge.info\/pt\/wp-json\/wp\/v2\/comments?post=1668"}],"version-history":[{"count":0,"href":"https:\/\/madidi-kullpana-ecolodge.info\/pt\/wp-json\/wp\/v2\/pages\/1668\/revisions"}],"wp:attachment":[{"href":"https:\/\/madidi-kullpana-ecolodge.info\/pt\/wp-json\/wp\/v2\/media?parent=1668"}],"curies":[{"name":"wp","href":"https:\/\/api.w.org\/{rel}","templated":true}]}}