{"id":1668,"date":"2023-12-30T17:28:28","date_gmt":"2023-12-30T16:28:28","guid":{"rendered":"http:\/\/madidi-kullpana-ecolodge.info\/?page_id=1668"},"modified":"2026-03-18T13:30:50","modified_gmt":"2026-03-18T12:30:50","slug":"legal-notice-madidi-kullpana-ecolodge-bolivia","status":"publish","type":"page","link":"https:\/\/madidi-kullpana-ecolodge.info\/it\/impressionante\/","title":{"rendered":"IMPRESSIONANTE"},"content":{"rendered":"\t\t<div data-elementor-type=\"wp-page\" data-elementor-id=\"1668\" class=\"elementor elementor-1668\">\n\t\t\t\t<div class=\"elementor-element elementor-element-39842f57 e-flex e-con-boxed e-con e-parent\" data-id=\"39842f57\" data-element_type=\"container\" data-e-type=\"container\">\n\t\t\t\t\t<div class=\"e-con-inner\">\n\t\t\t\t<div class=\"elementor-element elementor-element-6ff53117 elementor-widget elementor-widget-text-editor\" data-id=\"6ff53117\" data-element_type=\"widget\" data-e-type=\"widget\" data-widget_type=\"text-editor.default\">\n\t\t\t\t<div class=\"elementor-widget-container\">\n\t\t\t\t\t\t\t\t\t<h3><strong>Responsabile del contenuto di questo sito web:<\/strong><\/h3>\n<p>Richard Borrmann <br \/>Am Rehgraben 57<br \/>14558 Nuthetal<br \/>Telefono: +49 (0) 15566083233<br \/>Email: contact@madidi-kullpana-ecolodge.info<br \/>Internet: https:\/\/madidi-kullpana-ecolodge.info<br \/>Imposta no: 34\/039\/03976<\/p>\n<p>&nbsp;<\/p>\n<p>&nbsp;<\/p>\n<h4><strong>INFORMAZIONI LEGALI<\/strong><\/h4>\n<!-- \/wp:heading -->\n\n<!-- wp:heading {\"level\":4} -->\n<h4><strong>1. Limitazione di responsabilit\u00e0<\/strong><\/h4>\n<!-- \/wp:heading -->\n\n<!-- wp:paragraph -->\n<p>Il contenuto di questo sito web \u00e8 stato creato con la massima cura possibile. Tuttavia, il fornitore non si assume alcuna responsabilit\u00e0 per l&#8217;accuratezza, la completezza e la tempestivit\u00e0 dei contenuti forniti. L&#8217;uso dei contenuti del sito \u00e8 a rischio e pericolo dell&#8217;utente. I contributi identificati con il nome riflettono l&#8217;opinione del rispettivo autore e non sempre l&#8217;opinione del provider. Il semplice utilizzo del sito web del fornitore non crea alcun rapporto contrattuale tra l&#8217;utente e il fornitore.<\/p>\n<p>&nbsp;<\/p>\n<!-- \/wp:paragraph -->\n\n<!-- wp:heading {\"level\":4} -->\n<h4><strong>2. Collegamenti esterni<\/strong><\/h4>\n<!-- \/wp:heading -->\n\n<!-- wp:paragraph -->\n<p>Questo sito web contiene link a siti web di terzi (&#8220;link esterni&#8221;). Questi siti web sono soggetti alla responsabilit\u00e0 dei rispettivi gestori. Quando i link esterni sono stati creati per la prima volta, il provider ha controllato che i contenuti di terzi non presentassero violazioni legali. In quel momento non sono state riscontrate violazioni legali. L&#8217;offerente non ha alcuna influenza sul design e sui contenuti attuali e futuri delle pagine collegate. L&#8217;inserimento di link esterni non significa che l&#8217;offerente adotti come proprio il contenuto che si cela dietro il riferimento o il link. Non \u00e8 ragionevole per il provider monitorare costantemente questi link esterni senza prove concrete di violazioni legali. Tuttavia, nel caso in cui l&#8217;offerente venga a conoscenza di violazioni legali, tali link esterni saranno immediatamente cancellati.<\/p>\n<p>&nbsp;<\/p>\n<!-- \/wp:paragraph -->\n\n<!-- wp:heading {\"level\":4} -->\n<h4><strong>3. Diritti d&#8217;autore e diritti accessori<\/strong><\/h4>\n<!-- \/wp:heading -->\n\n<!-- wp:paragraph -->\n<p>I contenuti pubblicati su questo sito web sono soggetti alle leggi tedesche sul copyright e sui diritti d&#8217;autore accessori. Qualsiasi utilizzo non consentito dalle leggi tedesche sul diritto d&#8217;autore e sui diritti accessori richiede il previo consenso scritto del fornitore o del rispettivo titolare dei diritti. Ci\u00f2 vale in particolare per la duplicazione, la modifica, la traduzione, la memorizzazione, l&#8217;elaborazione o la riproduzione di contenuti in banche dati o altri supporti e sistemi elettronici. I contenuti e i diritti di terzi sono identificati come tali. La riproduzione o la distribuzione non autorizzata di singoli contenuti o di pagine complete non \u00e8 consentita ed \u00e8 punibile per legge. \u00c8 consentita solo la produzione di copie e download per uso personale, privato e non commerciale. La presentazione di questo sito web in frame esterni \u00e8 consentita solo previa autorizzazione scritta.<\/p>\n<p>&nbsp;<\/p>\n<!-- \/wp:paragraph -->\n\n<!-- wp:paragraph --><!-- \/wp:paragraph -->\n\n<!-- wp:heading {\"level\":4} -->\n<h4><strong>4. Protezione dei dati<\/strong><\/h4>\n<!-- \/wp:heading -->\n\n<!-- wp:paragraph -->\n<p>Quando si visita il sito web del provider, \u00e8 possibile che vengano memorizzate informazioni sull&#8217;accesso (data, ora, pagina visualizzata). Questi dati non sono dati personali, ma sono anonimizzati. Vengono valutati esclusivamente a fini statistici. Non vengono trasmessi a terzi per scopi commerciali o non commerciali.<\/p>\n<!-- \/wp:paragraph -->\n\n<!-- wp:paragraph -->\n<p>L&#8217;offerente fa espressamente presente che la trasmissione dei dati su Internet (ad es. nella comunicazione via e-mail) \u00e8 soggetta a lacune di sicurezza e non pu\u00f2 essere completamente protetta dall&#8217;accesso di terzi.<\/p>\n<!-- \/wp:paragraph -->\n\n<!-- wp:paragraph -->\n<p>L&#8217;utilizzo dei dati di contatto contenuti nell&#8217;avviso legale per la pubblicit\u00e0 commerciale \u00e8 espressamente vietato, a meno che il fornitore non abbia dato il proprio consenso scritto o non esista gi\u00e0 un rapporto commerciale. Il fornitore e tutte le persone citate in questo sito web si oppongono a qualsiasi uso commerciale e divulgazione dei loro dati.<\/p>\n<p>&nbsp;<\/p>\n<!-- \/wp:paragraph -->\n\n<!-- wp:heading {\"level\":4} -->\n<h4><strong>5. Condizioni speciali di utilizzo<\/strong><\/h4>\n<!-- \/wp:heading -->\n\n<!-- wp:paragraph -->\n<p>Se le condizioni speciali per i singoli utilizzi di questo sito web si discostano dai numeri da 1 a 4 sopra citati, ci\u00f2 sar\u00e0 espressamente indicato nel punto appropriato. In questo caso, le condizioni speciali di utilizzo si applicano in ogni singolo caso.<\/p>\t\t\t\t\t\t\t\t<\/div>\n\t\t\t\t<\/div>\n\t\t\t\t\t<\/div>\n\t\t\t\t<\/div>\n\t\t\t\t<\/div>\n\t\t","protected":false},"excerpt":{"rendered":"<p>Responsible for the content of this website: Richard Borrmann Am Rehgraben 5714558 NuthetalPhone: +49 (0) 15566083233Email: contact@madidi-kullpana-ecolodge.infoInternet: https:\/\/madidi-kullpana-ecolodge.infoTax no: 34\/039\/03976 &nbsp; &nbsp; LEGAL INFORMATION 1. Limitation of liability The content of this website has been created with the greatest possible care. However, the provider assumes no liability for the accuracy, completeness and timeliness of the [&hellip;]<\/p>\n","protected":false},"author":2,"featured_media":0,"parent":0,"menu_order":0,"comment_status":"closed","ping_status":"closed","template":"","meta":{"site-sidebar-layout":"default","site-content-layout":"","ast-site-content-layout":"default","site-content-style":"default","site-sidebar-style":"default","ast-global-header-display":"","ast-banner-title-visibility":"","ast-main-header-display":"","ast-hfb-above-header-display":"","ast-hfb-below-header-display":"","ast-hfb-mobile-header-display":"","site-post-title":"","ast-breadcrumbs-content":"","ast-featured-img":"","footer-sml-layout":"","ast-disable-related-posts":"","theme-transparent-header-meta":"","adv-header-id-meta":"","stick-header-meta":"","header-above-stick-meta":"","header-main-stick-meta":"","header-below-stick-meta":"","astra-migrate-meta-layouts":"set","ast-page-background-enabled":"default","ast-page-background-meta":{"desktop":{"background-color":"var(--ast-global-color-4)","background-image":"","background-repeat":"repeat","background-position":"center center","background-size":"auto","background-attachment":"scroll","background-type":"","background-media":"","overlay-type":"","overlay-color":"","overlay-opacity":"","overlay-gradient":""},"tablet":{"background-color":"","background-image":"","background-repeat":"repeat","background-position":"center center","background-size":"auto","background-attachment":"scroll","background-type":"","background-media":"","overlay-type":"","overlay-color":"","overlay-opacity":"","overlay-gradient":""},"mobile":{"background-color":"","background-image":"","background-repeat":"repeat","background-position":"center center","background-size":"auto","background-attachment":"scroll","background-type":"","background-media":"","overlay-type":"","overlay-color":"","overlay-opacity":"","overlay-gradient":""}},"ast-content-background-meta":{"desktop":{"background-color":"var(--ast-global-color-5)","background-image":"","background-repeat":"repeat","background-position":"center center","background-size":"auto","background-attachment":"scroll","background-type":"","background-media":"","overlay-type":"","overlay-color":"","overlay-opacity":"","overlay-gradient":""},"tablet":{"background-color":"var(--ast-global-color-5)","background-image":"","background-repeat":"repeat","background-position":"center center","background-size":"auto","background-attachment":"scroll","background-type":"","background-media":"","overlay-type":"","overlay-color":"","overlay-opacity":"","overlay-gradient":""},"mobile":{"background-color":"var(--ast-global-color-5)","background-image":"","background-repeat":"repeat","background-position":"center center","background-size":"auto","background-attachment":"scroll","background-type":"","background-media":"","overlay-type":"","overlay-color":"","overlay-opacity":"","overlay-gradient":""}},"footnotes":""},"class_list":["post-1668","page","type-page","status-publish","hentry"],"yoast_head":"<!-- This site is optimized with the Yoast SEO plugin v27.5 - https:\/\/yoast.com\/product\/yoast-seo-wordpress\/ -->\n<title>IMPRESSIONANTE<\/title>\n<meta name=\"robots\" content=\"index, follow, max-snippet:-1, max-image-preview:large, max-video-preview:-1\" \/>\n<link rel=\"canonical\" href=\"https:\/\/madidi-kullpana-ecolodge.info\/it\/\" \/>\n<meta property=\"og:locale\" content=\"it_IT\" \/>\n<meta property=\"og:type\" content=\"article\" \/>\n<meta property=\"og:title\" content=\"IMPRESSIONANTE\" \/>\n<meta property=\"og:url\" content=\"https:\/\/madidi-kullpana-ecolodge.info\/it\/impressionante\/\" \/>\n<meta property=\"og:site_name\" content=\"Madidi Kullpana Ecolodge\" \/>\n<meta property=\"article:publisher\" content=\"https:\/\/www.facebook.com\/madidi.kullpana.ecolodge\" \/>\n<meta property=\"article:modified_time\" content=\"2026-03-18T12:30:50+00:00\" \/>\n<meta property=\"og:image\" content=\"https:\/\/madidi-kullpana-ecolodge.info\/wp-content\/uploads\/2025\/08\/Yoast-Seo_Webbild.jpg\" \/>\n\t<meta property=\"og:image:width\" content=\"1200\" \/>\n\t<meta property=\"og:image:height\" content=\"675\" \/>\n\t<meta property=\"og:image:type\" content=\"image\/jpeg\" \/>\n<meta name=\"twitter:card\" content=\"summary_large_image\" \/>\n<meta name=\"twitter:label1\" content=\"Tempo di lettura stimato\" \/>\n\t<meta name=\"twitter:data1\" content=\"3 minuti\" \/>\n<script type=\"application\/ld+json\" class=\"yoast-schema-graph\">{\"@context\":\"https:\\\/\\\/schema.org\",\"@graph\":[{\"@type\":\"WebPage\",\"@id\":\"https:\\\/\\\/madidi-kullpana-ecolodge.info\\\/it\\\/impressionante\\\/\",\"url\":\"https:\\\/\\\/madidi-kullpana-ecolodge.info\\\/it\\\/impressionante\\\/\",\"name\":\"IMPRINT &#8211; Madidi Kullpana Ecolodge &#8211; Jungle and Pampas Tours in Bolivia\",\"isPartOf\":{\"@id\":\"https:\\\/\\\/madidi-kullpana-ecolodge.info\\\/#website\"},\"datePublished\":\"2023-12-30T16:28:28+00:00\",\"dateModified\":\"2026-03-18T12:30:50+00:00\",\"description\":\"Official legal information and contact details of Madidi Kullpana Ecolodge. Transparency and compliance for our guests and partners.\",\"breadcrumb\":{\"@id\":\"https:\\\/\\\/madidi-kullpana-ecolodge.info\\\/it\\\/impressionante\\\/#breadcrumb\"},\"inLanguage\":\"it-IT\",\"potentialAction\":[{\"@type\":\"ReadAction\",\"target\":[\"https:\\\/\\\/madidi-kullpana-ecolodge.info\\\/it\\\/impressionante\\\/\"]}]},{\"@type\":\"BreadcrumbList\",\"@id\":\"https:\\\/\\\/madidi-kullpana-ecolodge.info\\\/it\\\/impressionante\\\/#breadcrumb\",\"itemListElement\":[{\"@type\":\"ListItem\",\"position\":1,\"name\":\"CASA\",\"item\":\"https:\\\/\\\/madidi-kullpana-ecolodge.info\\\/\"},{\"@type\":\"ListItem\",\"position\":2,\"name\":\"IMPRESSIONANTE\"}]},{\"@type\":\"WebSite\",\"@id\":\"https:\\\/\\\/madidi-kullpana-ecolodge.info\\\/it\\\/#website\",\"url\":\"https:\\\/\\\/madidi-kullpana-ecolodge.info\\\/it\\\/\",\"name\":\"Madidi Kullpana Ecolodge\",\"description\":\"Jungle &amp; Pampas Tours \u2013 Authentic Indigenous Adventures in Amazon Bolivia\",\"publisher\":{\"@id\":\"https:\\\/\\\/madidi-kullpana-ecolodge.info\\\/it\\\/#organization\"},\"alternateName\":\"Madidi Kullpana Ecolodge \u2013 Jungle & Pampas Tours\",\"potentialAction\":[{\"@type\":\"SearchAction\",\"target\":{\"@type\":\"EntryPoint\",\"urlTemplate\":\"https:\\\/\\\/madidi-kullpana-ecolodge.info\\\/it\\\/?s={search_term_string}\"},\"query-input\":{\"@type\":\"PropertyValueSpecification\",\"valueRequired\":true,\"valueName\":\"search_term_string\"}}],\"inLanguage\":\"it-IT\"},{\"@type\":\"Organization\",\"@id\":\"https:\\\/\\\/madidi-kullpana-ecolodge.info\\\/it\\\/#organization\",\"name\":\"Madidi Kullpana Ecolodge\",\"alternateName\":\"Jungle & Pampas Tours in Bolivia \u2013 Madidi Kullpana Ecolodge\",\"url\":\"https:\\\/\\\/madidi-kullpana-ecolodge.info\\\/it\\\/\",\"logo\":{\"@type\":\"ImageObject\",\"inLanguage\":\"it-IT\",\"@id\":\"https:\\\/\\\/madidi-kullpana-ecolodge.info\\\/it\\\/#\\\/schema\\\/logo\\\/image\\\/\",\"url\":\"https:\\\/\\\/madidi-kullpana-ecolodge.info\\\/wp-content\\\/uploads\\\/2025\\\/08\\\/cropped-icon_logo-madidi-kullpana_400x380.png\",\"contentUrl\":\"https:\\\/\\\/madidi-kullpana-ecolodge.info\\\/wp-content\\\/uploads\\\/2025\\\/08\\\/cropped-icon_logo-madidi-kullpana_400x380.png\",\"width\":512,\"height\":512,\"caption\":\"Madidi Kullpana Ecolodge\"},\"image\":{\"@id\":\"https:\\\/\\\/madidi-kullpana-ecolodge.info\\\/it\\\/#\\\/schema\\\/logo\\\/image\\\/\"},\"sameAs\":[\"https:\\\/\\\/www.facebook.com\\\/madidi.kullpana.ecolodge\",\"https:\\\/\\\/www.tiktok.com\\\/@madidi.kullpana.e\",\"https:\\\/\\\/www.youtube.com\\\/channel\\\/UCdCdS1lpVdw3NBq18CFtyDQ\",\"https:\\\/\\\/wa.me\\\/4915566083233\"]}]}<\/script>\n<!-- \/ Yoast SEO plugin. -->","yoast_head_json":{"title":"IMPRESSIONANTE","robots":{"index":"index","follow":"follow","max-snippet":"max-snippet:-1","max-image-preview":"max-image-preview:large","max-video-preview":"max-video-preview:-1"},"canonical":"https:\/\/madidi-kullpana-ecolodge.info\/it\/","og_locale":"it_IT","og_type":"article","og_title":"IMPRESSIONANTE","og_url":"https:\/\/madidi-kullpana-ecolodge.info\/it\/impressionante\/","og_site_name":"Madidi Kullpana Ecolodge","article_publisher":"https:\/\/www.facebook.com\/madidi.kullpana.ecolodge","article_modified_time":"2026-03-18T12:30:50+00:00","og_image":[{"width":1200,"height":675,"url":"https:\/\/madidi-kullpana-ecolodge.info\/wp-content\/uploads\/2025\/08\/Yoast-Seo_Webbild.jpg","type":"image\/jpeg"}],"twitter_card":"summary_large_image","twitter_misc":{"Tempo di lettura stimato":"3 minuti"},"schema":{"@context":"https:\/\/schema.org","@graph":[{"@type":"WebPage","@id":"https:\/\/madidi-kullpana-ecolodge.info\/it\/impressionante\/","url":"https:\/\/madidi-kullpana-ecolodge.info\/it\/impressionante\/","name":"IMPRINT &#8211; Madidi Kullpana Ecolodge &#8211; Jungle and Pampas Tours in Bolivia","isPartOf":{"@id":"https:\/\/madidi-kullpana-ecolodge.info\/#website"},"datePublished":"2023-12-30T16:28:28+00:00","dateModified":"2026-03-18T12:30:50+00:00","description":"Official legal information and contact details of Madidi Kullpana Ecolodge. Transparency and compliance for our guests and partners.","breadcrumb":{"@id":"https:\/\/madidi-kullpana-ecolodge.info\/it\/impressionante\/#breadcrumb"},"inLanguage":"it-IT","potentialAction":[{"@type":"ReadAction","target":["https:\/\/madidi-kullpana-ecolodge.info\/it\/impressionante\/"]}]},{"@type":"BreadcrumbList","@id":"https:\/\/madidi-kullpana-ecolodge.info\/it\/impressionante\/#breadcrumb","itemListElement":[{"@type":"ListItem","position":1,"name":"CASA","item":"https:\/\/madidi-kullpana-ecolodge.info\/"},{"@type":"ListItem","position":2,"name":"IMPRESSIONANTE"}]},{"@type":"WebSite","@id":"https:\/\/madidi-kullpana-ecolodge.info\/it\/#website","url":"https:\/\/madidi-kullpana-ecolodge.info\/it\/","name":"Madidi Kullpana Ecolodge","description":"Jungle &amp; Pampas Tours \u2013 Authentic Indigenous Adventures in Amazon Bolivia","publisher":{"@id":"https:\/\/madidi-kullpana-ecolodge.info\/it\/#organization"},"alternateName":"Madidi Kullpana Ecolodge \u2013 Jungle & Pampas Tours","potentialAction":[{"@type":"SearchAction","target":{"@type":"EntryPoint","urlTemplate":"https:\/\/madidi-kullpana-ecolodge.info\/it\/?s={search_term_string}"},"query-input":{"@type":"PropertyValueSpecification","valueRequired":true,"valueName":"search_term_string"}}],"inLanguage":"it-IT"},{"@type":"Organization","@id":"https:\/\/madidi-kullpana-ecolodge.info\/it\/#organization","name":"Madidi Kullpana Ecolodge","alternateName":"Jungle & Pampas Tours in Bolivia \u2013 Madidi Kullpana Ecolodge","url":"https:\/\/madidi-kullpana-ecolodge.info\/it\/","logo":{"@type":"ImageObject","inLanguage":"it-IT","@id":"https:\/\/madidi-kullpana-ecolodge.info\/it\/#\/schema\/logo\/image\/","url":"https:\/\/madidi-kullpana-ecolodge.info\/wp-content\/uploads\/2025\/08\/cropped-icon_logo-madidi-kullpana_400x380.png","contentUrl":"https:\/\/madidi-kullpana-ecolodge.info\/wp-content\/uploads\/2025\/08\/cropped-icon_logo-madidi-kullpana_400x380.png","width":512,"height":512,"caption":"Madidi Kullpana Ecolodge"},"image":{"@id":"https:\/\/madidi-kullpana-ecolodge.info\/it\/#\/schema\/logo\/image\/"},"sameAs":["https:\/\/www.facebook.com\/madidi.kullpana.ecolodge","https:\/\/www.tiktok.com\/@madidi.kullpana.e","https:\/\/www.youtube.com\/channel\/UCdCdS1lpVdw3NBq18CFtyDQ","https:\/\/wa.me\/4915566083233"]}]}},"_links":{"self":[{"href":"https:\/\/madidi-kullpana-ecolodge.info\/it\/wp-json\/wp\/v2\/pages\/1668","targetHints":{"allow":["GET"]}}],"collection":[{"href":"https:\/\/madidi-kullpana-ecolodge.info\/it\/wp-json\/wp\/v2\/pages"}],"about":[{"href":"https:\/\/madidi-kullpana-ecolodge.info\/it\/wp-json\/wp\/v2\/types\/page"}],"author":[{"embeddable":true,"href":"https:\/\/madidi-kullpana-ecolodge.info\/it\/wp-json\/wp\/v2\/users\/2"}],"replies":[{"embeddable":true,"href":"https:\/\/madidi-kullpana-ecolodge.info\/it\/wp-json\/wp\/v2\/comments?post=1668"}],"version-history":[{"count":0,"href":"https:\/\/madidi-kullpana-ecolodge.info\/it\/wp-json\/wp\/v2\/pages\/1668\/revisions"}],"wp:attachment":[{"href":"https:\/\/madidi-kullpana-ecolodge.info\/it\/wp-json\/wp\/v2\/media?parent=1668"}],"curies":[{"name":"wp","href":"https:\/\/api.w.org\/{rel}","templated":true}]}}