{"id":5806,"date":"2026-03-10T19:33:27","date_gmt":"2026-03-10T18:33:27","guid":{"rendered":"https:\/\/madidi-kullpana-ecolodge.info\/?post_type=product&#038;p=5806"},"modified":"2026-03-18T11:52:01","modified_gmt":"2026-03-18T10:52:01","slug":"combi-tour-2-4days-3nights","status":"publish","type":"product","link":"https:\/\/madidi-kullpana-ecolodge.info\/es\/tour\/combi-tour-2-4days-3nights\/","title":{"rendered":"Kombi Tour 2 (4 days \/ 3 nights)"},"content":{"rendered":"<p>The program begins with a boat trip on the R\u00edo Beni. You can choose between the observation tower overlooking parrot nesting sites or a journey through the Ca\u00f1\u00f3n del Bala. Both highlights can optionally be combined with an overnight stay in a simple jungle camp. Afterwards, you visit a historic sugarcane mill with activities. The journey then continues to the ecolodge in Madidi National Park with guided day and night jungle tours. Finally, you travel to the wildlife-rich Pampas del Yacuma region with several boat excursions as well as an optional hike in the habitat of the anaconda, including an overnight stay and a night boat tour.<\/p>\n","protected":false},"excerpt":{"rendered":"<p>\ud83d\udccd Boat trip across R\u00edo Beni &amp; R\u00edo Tuichi<br \/>\n\ud83e\udde9 Optional selection visit to the macaw nesting site or tour through Ca\u00f1\u00f3n del Bala \ud83d\udc49 see below<br \/>\n\ud83d\udccd Tour through Madidi jungle<br \/>\n\ud83d\udccd Viewpoint over Madidi area<br \/>\n\ud83d\udccd Hidden waterfall Madidi<br \/>\n\ud83d\udccd Pampas del Yacuma<br \/>\n\ud83d\udccd Boat trip across R\u00edo Yacuma<br \/>\n\ud83d\udccd Laguna Bravo<br \/>\n\ud83d\ude97 \ud83d\udef6 Tour transport from Rurrenabaque included<br \/>\n\ud83d\udc63 Certified guide Spanish\/English included<br \/>\n\ud83d\udc3e Several day tours along the nature trails in the Madidi jungle<br \/>\n\ud83d\udc3e Two night jungle walks in the Madidi jungle<br \/>\n\ud83d\udc3e Several boat tours through the river channels<br \/>\n\ud83d\udc3e One boat trip during the night<br \/>\n\ud83c\udff9 Optional traditional fishing<br \/>\n\ud83d\uded6 2x Overnight Madidi stays in traditional caba\u00f1a<br \/>\n\ud83d\uded6 1x Overnight Pampas stay in a simple caba\u00f1a on the riverbank<br \/>\n\ud83e\udd51 Meals included<br \/>\n\ud83e\udd7e Provision of rubber boots<br \/>\n\u26a0\ufe0f Madidi &amp; Pampas entrance not included<br \/>\n\ud83e\udd1d Discount applies from 2 persons<\/p>\n","protected":false},"featured_media":5817,"template":"","meta":{"site-sidebar-layout":"default","site-content-layout":"","ast-site-content-layout":"default","site-content-style":"default","site-sidebar-style":"default","ast-global-header-display":"","ast-banner-title-visibility":"","ast-main-header-display":"","ast-hfb-above-header-display":"","ast-hfb-below-header-display":"","ast-hfb-mobile-header-display":"","site-post-title":"","ast-breadcrumbs-content":"","ast-featured-img":"","footer-sml-layout":"","ast-disable-related-posts":"","theme-transparent-header-meta":"default","adv-header-id-meta":"","stick-header-meta":"","header-above-stick-meta":"","header-main-stick-meta":"","header-below-stick-meta":"","astra-migrate-meta-layouts":"set","ast-page-background-enabled":"default","ast-page-background-meta":{"desktop":{"background-color":"var(--ast-global-color-4)","background-image":"","background-repeat":"repeat","background-position":"center center","background-size":"auto","background-attachment":"scroll","background-type":"","background-media":"","overlay-type":"","overlay-color":"","overlay-opacity":"","overlay-gradient":""},"tablet":{"background-color":"","background-image":"","background-repeat":"repeat","background-position":"center center","background-size":"auto","background-attachment":"scroll","background-type":"","background-media":"","overlay-type":"","overlay-color":"","overlay-opacity":"","overlay-gradient":""},"mobile":{"background-color":"","background-image":"","background-repeat":"repeat","background-position":"center center","background-size":"auto","background-attachment":"scroll","background-type":"","background-media":"","overlay-type":"","overlay-color":"","overlay-opacity":"","overlay-gradient":""}},"ast-content-background-meta":{"desktop":{"background-color":"var(--ast-global-color-5)","background-image":"","background-repeat":"repeat","background-position":"center center","background-size":"auto","background-attachment":"scroll","background-type":"","background-media":"","overlay-type":"","overlay-color":"","overlay-opacity":"","overlay-gradient":""},"tablet":{"background-color":"var(--ast-global-color-5)","background-image":"","background-repeat":"repeat","background-position":"center center","background-size":"auto","background-attachment":"scroll","background-type":"","background-media":"","overlay-type":"","overlay-color":"","overlay-opacity":"","overlay-gradient":""},"mobile":{"background-color":"var(--ast-global-color-5)","background-image":"","background-repeat":"repeat","background-position":"center center","background-size":"auto","background-attachment":"scroll","background-type":"","background-media":"","overlay-type":"","overlay-color":"","overlay-opacity":"","overlay-gradient":""}}},"product_brand":[],"product_cat":[220],"product_tag":[],"class_list":{"0":"post-5806","1":"product","2":"type-product","3":"status-publish","4":"has-post-thumbnail","6":"product_cat-combi-jungle-pampas-tours","7":"desktop-align-left","8":"tablet-align-left","9":"mobile-align-left","11":"first","12":"instock","13":"sold-individually","14":"shipping-taxable","15":"purchasable","16":"product-type-variable"},"yoast_head":"<!-- This site is optimized with the Yoast SEO plugin v27.4 - https:\/\/yoast.com\/product\/yoast-seo-wordpress\/ -->\n<title>Kombi Tour 2 (4 days \/ 3 nights) &#8211; Madidi Kullpana Ecolodge<\/title>\n<meta name=\"robots\" content=\"index, follow, max-snippet:-1, max-image-preview:large, max-video-preview:-1\" \/>\n<link rel=\"canonical\" href=\"https:\/\/madidi-kullpana-ecolodge.info\/es\/\" \/>\n<meta property=\"og:locale\" content=\"es_ES\" \/>\n<meta property=\"og:type\" content=\"article\" \/>\n<meta property=\"og:title\" content=\"Kombi Tour 2 (4 days \/ 3 nights) &#8211; Madidi Kullpana Ecolodge\" \/>\n<meta property=\"og:description\" content=\"\ud83d\udccd Boat trip across R\u00edo Beni &amp; R\u00edo Tuichi \ud83e\udde9 Optional selection visit to the macaw nesting site or tour through Ca\u00f1\u00f3n del Bala \ud83d\udc49 see below \ud83d\udccd Tour through Madidi jungle \ud83d\udccd Viewpoint over Madidi area \ud83d\udccd Hidden waterfall Madidi \ud83d\udccd Pampas del Yacuma \ud83d\udccd Boat trip across R\u00edo Yacuma \ud83d\udccd Laguna Bravo \ud83d\ude97 \ud83d\udef6 Tour transport from Rurrenabaque included \ud83d\udc63 Certified guide Spanish\/English included \ud83d\udc3e Several day tours along the nature trails in the Madidi jungle \ud83d\udc3e Two night jungle walks in the Madidi jungle \ud83d\udc3e Several boat tours through the river channels \ud83d\udc3e One boat trip during the night \ud83c\udff9 Optional traditional fishing \ud83d\uded6 2x Overnight Madidi stays in traditional caba\u00f1a \ud83d\uded6 1x Overnight Pampas stay in a simple caba\u00f1a on the riverbank \ud83e\udd51 Meals included \ud83e\udd7e Provision of rubber boots \u26a0\ufe0f Madidi &amp; Pampas entrance not included \ud83e\udd1d Discount applies from 2 persons\" \/>\n<meta property=\"og:url\" content=\"https:\/\/madidi-kullpana-ecolodge.info\/es\/tour\/combi-tour-2-4days-3nights\/\" \/>\n<meta property=\"og:site_name\" content=\"Madidi Kullpana Ecolodge\" \/>\n<meta property=\"article:publisher\" content=\"https:\/\/www.facebook.com\/madidi.kullpana.ecolodge\" \/>\n<meta property=\"article:modified_time\" content=\"2026-03-18T10:52:01+00:00\" \/>\n<meta property=\"og:image\" content=\"https:\/\/madidi-kullpana-ecolodge.info\/wp-content\/uploads\/2026\/03\/combi-tour-2-4days-3nights-jungle-pampas-boliva-booking.webp\" \/>\n\t<meta property=\"og:image:width\" content=\"1024\" \/>\n\t<meta property=\"og:image:height\" content=\"1024\" \/>\n\t<meta property=\"og:image:type\" content=\"image\/webp\" \/>\n<meta name=\"twitter:card\" content=\"summary_large_image\" \/>\n<meta name=\"twitter:label1\" content=\"Tiempo de lectura\" \/>\n\t<meta name=\"twitter:data1\" content=\"1 minuto\" \/>\n<script type=\"application\/ld+json\" class=\"yoast-schema-graph\">{\"@context\":\"https:\\\/\\\/schema.org\",\"@graph\":[{\"@type\":\"WebPage\",\"@id\":\"https:\\\/\\\/madidi-kullpana-ecolodge.info\\\/es\\\/tour\\\/combi-tour-2-4days-3nights\\\/\",\"url\":\"https:\\\/\\\/madidi-kullpana-ecolodge.info\\\/es\\\/tour\\\/combi-tour-2-4days-3nights\\\/\",\"name\":\"Kombi Tour 2 (4 days \\\/ 3 nights) &#8211; Madidi Kullpana Ecolodge\",\"isPartOf\":{\"@id\":\"https:\\\/\\\/madidi-kullpana-ecolodge.info\\\/#website\"},\"primaryImageOfPage\":{\"@id\":\"https:\\\/\\\/madidi-kullpana-ecolodge.info\\\/es\\\/tour\\\/combi-tour-2-4days-3nights\\\/#primaryimage\"},\"image\":{\"@id\":\"https:\\\/\\\/madidi-kullpana-ecolodge.info\\\/es\\\/tour\\\/combi-tour-2-4days-3nights\\\/#primaryimage\"},\"thumbnailUrl\":\"https:\\\/\\\/madidi-kullpana-ecolodge.info\\\/wp-content\\\/uploads\\\/2026\\\/03\\\/combi-tour-2-4days-3nights-jungle-pampas-boliva-booking.webp\",\"datePublished\":\"2026-03-10T18:33:27+00:00\",\"dateModified\":\"2026-03-18T10:52:01+00:00\",\"breadcrumb\":{\"@id\":\"https:\\\/\\\/madidi-kullpana-ecolodge.info\\\/es\\\/tour\\\/combi-tour-2-4days-3nights\\\/#breadcrumb\"},\"inLanguage\":\"es\",\"potentialAction\":[{\"@type\":\"ReadAction\",\"target\":[\"https:\\\/\\\/madidi-kullpana-ecolodge.info\\\/es\\\/tour\\\/combi-tour-2-4days-3nights\\\/\"]}]},{\"@type\":\"ImageObject\",\"inLanguage\":\"es\",\"@id\":\"https:\\\/\\\/madidi-kullpana-ecolodge.info\\\/es\\\/tour\\\/combi-tour-2-4days-3nights\\\/#primaryimage\",\"url\":\"https:\\\/\\\/madidi-kullpana-ecolodge.info\\\/wp-content\\\/uploads\\\/2026\\\/03\\\/combi-tour-2-4days-3nights-jungle-pampas-boliva-booking.webp\",\"contentUrl\":\"https:\\\/\\\/madidi-kullpana-ecolodge.info\\\/wp-content\\\/uploads\\\/2026\\\/03\\\/combi-tour-2-4days-3nights-jungle-pampas-boliva-booking.webp\",\"width\":1024,\"height\":1024,\"caption\":\"Combi Tour 2 \u2013 4 days \\\/ 3 nights exploring Madidi and the Pampas.\"},{\"@type\":\"BreadcrumbList\",\"@id\":\"https:\\\/\\\/madidi-kullpana-ecolodge.info\\\/es\\\/tour\\\/combi-tour-2-4days-3nights\\\/#breadcrumb\",\"itemListElement\":[{\"@type\":\"ListItem\",\"position\":1,\"name\":\"INICIO\",\"item\":\"https:\\\/\\\/madidi-kullpana-ecolodge.info\\\/\"},{\"@type\":\"ListItem\",\"position\":2,\"name\":\"BOOKING\",\"item\":\"https:\\\/\\\/madidi-kullpana-ecolodge.info\\\/booking\\\/\"},{\"@type\":\"ListItem\",\"position\":3,\"name\":\"Kombi Tour 2 (4 days \\\/ 3 nights)\"}]},{\"@type\":\"WebSite\",\"@id\":\"https:\\\/\\\/madidi-kullpana-ecolodge.info\\\/es\\\/#website\",\"url\":\"https:\\\/\\\/madidi-kullpana-ecolodge.info\\\/es\\\/\",\"name\":\"Madidi Kullpana Ecolodge\",\"description\":\"Jungle &amp; Pampas Tours \u2013 Authentic Indigenous Adventures in Amazon Bolivia\",\"publisher\":{\"@id\":\"https:\\\/\\\/madidi-kullpana-ecolodge.info\\\/es\\\/#organization\"},\"alternateName\":\"Madidi Kullpana Ecolodge \u2013 Jungle & Pampas Tours\",\"potentialAction\":[{\"@type\":\"SearchAction\",\"target\":{\"@type\":\"EntryPoint\",\"urlTemplate\":\"https:\\\/\\\/madidi-kullpana-ecolodge.info\\\/es\\\/?s={search_term_string}\"},\"query-input\":{\"@type\":\"PropertyValueSpecification\",\"valueRequired\":true,\"valueName\":\"search_term_string\"}}],\"inLanguage\":\"es\"},{\"@type\":\"Organization\",\"@id\":\"https:\\\/\\\/madidi-kullpana-ecolodge.info\\\/es\\\/#organization\",\"name\":\"Madidi Kullpana Ecolodge\",\"alternateName\":\"Jungle & Pampas Tours in Bolivia \u2013 Madidi Kullpana Ecolodge\",\"url\":\"https:\\\/\\\/madidi-kullpana-ecolodge.info\\\/es\\\/\",\"logo\":{\"@type\":\"ImageObject\",\"inLanguage\":\"es\",\"@id\":\"https:\\\/\\\/madidi-kullpana-ecolodge.info\\\/es\\\/#\\\/schema\\\/logo\\\/image\\\/\",\"url\":\"https:\\\/\\\/madidi-kullpana-ecolodge.info\\\/wp-content\\\/uploads\\\/2025\\\/08\\\/cropped-icon_logo-madidi-kullpana_400x380.png\",\"contentUrl\":\"https:\\\/\\\/madidi-kullpana-ecolodge.info\\\/wp-content\\\/uploads\\\/2025\\\/08\\\/cropped-icon_logo-madidi-kullpana_400x380.png\",\"width\":512,\"height\":512,\"caption\":\"Madidi Kullpana Ecolodge\"},\"image\":{\"@id\":\"https:\\\/\\\/madidi-kullpana-ecolodge.info\\\/es\\\/#\\\/schema\\\/logo\\\/image\\\/\"},\"sameAs\":[\"https:\\\/\\\/www.facebook.com\\\/madidi.kullpana.ecolodge\",\"https:\\\/\\\/www.tiktok.com\\\/@madidi.kullpana.e\",\"https:\\\/\\\/www.youtube.com\\\/channel\\\/UCdCdS1lpVdw3NBq18CFtyDQ\",\"https:\\\/\\\/wa.me\\\/4915566083233\"]}]}<\/script>\n<!-- \/ Yoast SEO plugin. -->","yoast_head_json":{"title":"Kombi Tour 2 (4 days \/ 3 nights) &#8211; Madidi Kullpana Ecolodge","robots":{"index":"index","follow":"follow","max-snippet":"max-snippet:-1","max-image-preview":"max-image-preview:large","max-video-preview":"max-video-preview:-1"},"canonical":"https:\/\/madidi-kullpana-ecolodge.info\/es\/","og_locale":"es_ES","og_type":"article","og_title":"Kombi Tour 2 (4 days \/ 3 nights) &#8211; Madidi Kullpana Ecolodge","og_description":"\ud83d\udccd Boat trip across R\u00edo Beni &amp; R\u00edo Tuichi \ud83e\udde9 Optional selection visit to the macaw nesting site or tour through Ca\u00f1\u00f3n del Bala \ud83d\udc49 see below \ud83d\udccd Tour through Madidi jungle \ud83d\udccd Viewpoint over Madidi area \ud83d\udccd Hidden waterfall Madidi \ud83d\udccd Pampas del Yacuma \ud83d\udccd Boat trip across R\u00edo Yacuma \ud83d\udccd Laguna Bravo \ud83d\ude97 \ud83d\udef6 Tour transport from Rurrenabaque included \ud83d\udc63 Certified guide Spanish\/English included \ud83d\udc3e Several day tours along the nature trails in the Madidi jungle \ud83d\udc3e Two night jungle walks in the Madidi jungle \ud83d\udc3e Several boat tours through the river channels \ud83d\udc3e One boat trip during the night \ud83c\udff9 Optional traditional fishing \ud83d\uded6 2x Overnight Madidi stays in traditional caba\u00f1a \ud83d\uded6 1x Overnight Pampas stay in a simple caba\u00f1a on the riverbank \ud83e\udd51 Meals included \ud83e\udd7e Provision of rubber boots \u26a0\ufe0f Madidi &amp; Pampas entrance not included \ud83e\udd1d Discount applies from 2 persons","og_url":"https:\/\/madidi-kullpana-ecolodge.info\/es\/tour\/combi-tour-2-4days-3nights\/","og_site_name":"Madidi Kullpana Ecolodge","article_publisher":"https:\/\/www.facebook.com\/madidi.kullpana.ecolodge","article_modified_time":"2026-03-18T10:52:01+00:00","og_image":[{"width":1024,"height":1024,"url":"https:\/\/madidi-kullpana-ecolodge.info\/wp-content\/uploads\/2026\/03\/combi-tour-2-4days-3nights-jungle-pampas-boliva-booking.webp","type":"image\/webp"}],"twitter_card":"summary_large_image","twitter_misc":{"Tiempo de lectura":"1 minuto"},"schema":{"@context":"https:\/\/schema.org","@graph":[{"@type":"WebPage","@id":"https:\/\/madidi-kullpana-ecolodge.info\/es\/tour\/combi-tour-2-4days-3nights\/","url":"https:\/\/madidi-kullpana-ecolodge.info\/es\/tour\/combi-tour-2-4days-3nights\/","name":"Kombi Tour 2 (4 days \/ 3 nights) &#8211; Madidi Kullpana Ecolodge","isPartOf":{"@id":"https:\/\/madidi-kullpana-ecolodge.info\/#website"},"primaryImageOfPage":{"@id":"https:\/\/madidi-kullpana-ecolodge.info\/es\/tour\/combi-tour-2-4days-3nights\/#primaryimage"},"image":{"@id":"https:\/\/madidi-kullpana-ecolodge.info\/es\/tour\/combi-tour-2-4days-3nights\/#primaryimage"},"thumbnailUrl":"https:\/\/madidi-kullpana-ecolodge.info\/wp-content\/uploads\/2026\/03\/combi-tour-2-4days-3nights-jungle-pampas-boliva-booking.webp","datePublished":"2026-03-10T18:33:27+00:00","dateModified":"2026-03-18T10:52:01+00:00","breadcrumb":{"@id":"https:\/\/madidi-kullpana-ecolodge.info\/es\/tour\/combi-tour-2-4days-3nights\/#breadcrumb"},"inLanguage":"es","potentialAction":[{"@type":"ReadAction","target":["https:\/\/madidi-kullpana-ecolodge.info\/es\/tour\/combi-tour-2-4days-3nights\/"]}]},{"@type":"ImageObject","inLanguage":"es","@id":"https:\/\/madidi-kullpana-ecolodge.info\/es\/tour\/combi-tour-2-4days-3nights\/#primaryimage","url":"https:\/\/madidi-kullpana-ecolodge.info\/wp-content\/uploads\/2026\/03\/combi-tour-2-4days-3nights-jungle-pampas-boliva-booking.webp","contentUrl":"https:\/\/madidi-kullpana-ecolodge.info\/wp-content\/uploads\/2026\/03\/combi-tour-2-4days-3nights-jungle-pampas-boliva-booking.webp","width":1024,"height":1024,"caption":"Combi Tour 2 \u2013 4 days \/ 3 nights exploring Madidi and the Pampas."},{"@type":"BreadcrumbList","@id":"https:\/\/madidi-kullpana-ecolodge.info\/es\/tour\/combi-tour-2-4days-3nights\/#breadcrumb","itemListElement":[{"@type":"ListItem","position":1,"name":"INICIO","item":"https:\/\/madidi-kullpana-ecolodge.info\/"},{"@type":"ListItem","position":2,"name":"BOOKING","item":"https:\/\/madidi-kullpana-ecolodge.info\/booking\/"},{"@type":"ListItem","position":3,"name":"Kombi Tour 2 (4 days \/ 3 nights)"}]},{"@type":"WebSite","@id":"https:\/\/madidi-kullpana-ecolodge.info\/es\/#website","url":"https:\/\/madidi-kullpana-ecolodge.info\/es\/","name":"Madidi Kullpana Ecolodge","description":"Jungle &amp; Pampas Tours \u2013 Authentic Indigenous Adventures in Amazon Bolivia","publisher":{"@id":"https:\/\/madidi-kullpana-ecolodge.info\/es\/#organization"},"alternateName":"Madidi Kullpana Ecolodge \u2013 Jungle & Pampas Tours","potentialAction":[{"@type":"SearchAction","target":{"@type":"EntryPoint","urlTemplate":"https:\/\/madidi-kullpana-ecolodge.info\/es\/?s={search_term_string}"},"query-input":{"@type":"PropertyValueSpecification","valueRequired":true,"valueName":"search_term_string"}}],"inLanguage":"es"},{"@type":"Organization","@id":"https:\/\/madidi-kullpana-ecolodge.info\/es\/#organization","name":"Madidi Kullpana Ecolodge","alternateName":"Jungle & Pampas Tours in Bolivia \u2013 Madidi Kullpana Ecolodge","url":"https:\/\/madidi-kullpana-ecolodge.info\/es\/","logo":{"@type":"ImageObject","inLanguage":"es","@id":"https:\/\/madidi-kullpana-ecolodge.info\/es\/#\/schema\/logo\/image\/","url":"https:\/\/madidi-kullpana-ecolodge.info\/wp-content\/uploads\/2025\/08\/cropped-icon_logo-madidi-kullpana_400x380.png","contentUrl":"https:\/\/madidi-kullpana-ecolodge.info\/wp-content\/uploads\/2025\/08\/cropped-icon_logo-madidi-kullpana_400x380.png","width":512,"height":512,"caption":"Madidi Kullpana Ecolodge"},"image":{"@id":"https:\/\/madidi-kullpana-ecolodge.info\/es\/#\/schema\/logo\/image\/"},"sameAs":["https:\/\/www.facebook.com\/madidi.kullpana.ecolodge","https:\/\/www.tiktok.com\/@madidi.kullpana.e","https:\/\/www.youtube.com\/channel\/UCdCdS1lpVdw3NBq18CFtyDQ","https:\/\/wa.me\/4915566083233"]}]}},"_links":{"self":[{"href":"https:\/\/madidi-kullpana-ecolodge.info\/es\/wp-json\/wp\/v2\/product\/5806","targetHints":{"allow":["GET"]}}],"collection":[{"href":"https:\/\/madidi-kullpana-ecolodge.info\/es\/wp-json\/wp\/v2\/product"}],"about":[{"href":"https:\/\/madidi-kullpana-ecolodge.info\/es\/wp-json\/wp\/v2\/types\/product"}],"wp:featuredmedia":[{"embeddable":true,"href":"https:\/\/madidi-kullpana-ecolodge.info\/es\/wp-json\/wp\/v2\/media\/5817"}],"wp:attachment":[{"href":"https:\/\/madidi-kullpana-ecolodge.info\/es\/wp-json\/wp\/v2\/media?parent=5806"}],"wp:term":[{"taxonomy":"product_brand","embeddable":true,"href":"https:\/\/madidi-kullpana-ecolodge.info\/es\/wp-json\/wp\/v2\/product_brand?post=5806"},{"taxonomy":"product_cat","embeddable":true,"href":"https:\/\/madidi-kullpana-ecolodge.info\/es\/wp-json\/wp\/v2\/product_cat?post=5806"},{"taxonomy":"product_tag","embeddable":true,"href":"https:\/\/madidi-kullpana-ecolodge.info\/es\/wp-json\/wp\/v2\/product_tag?post=5806"}],"curies":[{"name":"wp","href":"https:\/\/api.w.org\/{rel}","templated":true}]}}