{"id":6197,"date":"2026-03-15T16:42:18","date_gmt":"2026-03-15T15:42:18","guid":{"rendered":"https:\/\/madidi-kullpana-ecolodge.info\/?post_type=product&#038;p=6197"},"modified":"2026-03-17T18:00:47","modified_gmt":"2026-03-17T17:00:47","slug":"canon-del-bala-madidi-jungle-day-tour-from-rurrenabaque","status":"publish","type":"product","link":"https:\/\/madidi-kullpana-ecolodge.info\/de\/tour\/canon-del-bala-madidi-jungle-day-tour-from-rurrenabaque\/","title":{"rendered":"Ca\u00f1\u00f3n del Bala Madidi Jungle Day Tour from Rurrenabaque"},"content":{"rendered":"<p>This Amazon day tour starts in Rurrenabaque and leads by boat along the R\u00edo Beni to the nesting sites of colorful macaws and parrots.After the river journey, a guided jungle hike through the rainforest begins. The trail leads to a viewpoint with a spectacular view over Madidi National Park, where visitors can admire the impressive landscape and, with a bit of luck, observe various bird species. At the end of the tour you visit a historic sugarcane mill where traditional production methods are demonstrated and visitors gain insight into the local life of the region.<\/p>\n","protected":false},"excerpt":{"rendered":"<p>\ud83d\udccd Boat trip across R\u00edo Beni<br \/>\n\ud83d\udccd Tour through Ca\u00f1\u00f3n del Bala<br \/>\n\ud83d\udccd Visit and activity at the sugarcane mill<br \/>\n\ud83d\udef6 Tour transport included<br \/>\n\ud83e\udd51 Meals included<br \/>\n\ud83e\udd7e Provision of rubber boots<br \/>\n\ud83d\udc63 Certified guide Spanish\/English included<br \/>\n\ud83c\udf9f\ufe0f Community entrance included<br \/>\n\ud83c\udf9f\ufe0f Ca\u00f1\u00f3n del Bala entrance included<br \/>\n\u26a0\ufe0f Madidi entrance not included<br \/>\n\ud83e\udd1d Discount applies from 2 persons<\/p>\n","protected":false},"featured_media":6182,"template":"","meta":{"site-sidebar-layout":"default","site-content-layout":"","ast-site-content-layout":"default","site-content-style":"default","site-sidebar-style":"default","ast-global-header-display":"","ast-banner-title-visibility":"","ast-main-header-display":"","ast-hfb-above-header-display":"","ast-hfb-below-header-display":"","ast-hfb-mobile-header-display":"","site-post-title":"","ast-breadcrumbs-content":"","ast-featured-img":"","footer-sml-layout":"","ast-disable-related-posts":"","theme-transparent-header-meta":"default","adv-header-id-meta":"","stick-header-meta":"","header-above-stick-meta":"","header-main-stick-meta":"","header-below-stick-meta":"","astra-migrate-meta-layouts":"set","ast-page-background-enabled":"default","ast-page-background-meta":{"desktop":{"background-color":"var(--ast-global-color-4)","background-image":"","background-repeat":"repeat","background-position":"center center","background-size":"auto","background-attachment":"scroll","background-type":"","background-media":"","overlay-type":"","overlay-color":"","overlay-opacity":"","overlay-gradient":""},"tablet":{"background-color":"","background-image":"","background-repeat":"repeat","background-position":"center center","background-size":"auto","background-attachment":"scroll","background-type":"","background-media":"","overlay-type":"","overlay-color":"","overlay-opacity":"","overlay-gradient":""},"mobile":{"background-color":"","background-image":"","background-repeat":"repeat","background-position":"center center","background-size":"auto","background-attachment":"scroll","background-type":"","background-media":"","overlay-type":"","overlay-color":"","overlay-opacity":"","overlay-gradient":""}},"ast-content-background-meta":{"desktop":{"background-color":"var(--ast-global-color-5)","background-image":"","background-repeat":"repeat","background-position":"center center","background-size":"auto","background-attachment":"scroll","background-type":"","background-media":"","overlay-type":"","overlay-color":"","overlay-opacity":"","overlay-gradient":""},"tablet":{"background-color":"var(--ast-global-color-5)","background-image":"","background-repeat":"repeat","background-position":"center center","background-size":"auto","background-attachment":"scroll","background-type":"","background-media":"","overlay-type":"","overlay-color":"","overlay-opacity":"","overlay-gradient":""},"mobile":{"background-color":"var(--ast-global-color-5)","background-image":"","background-repeat":"repeat","background-position":"center center","background-size":"auto","background-attachment":"scroll","background-type":"","background-media":"","overlay-type":"","overlay-color":"","overlay-opacity":"","overlay-gradient":""}}},"product_brand":[],"product_cat":[225],"product_tag":[],"class_list":{"0":"post-6197","1":"product","2":"type-product","3":"status-publish","4":"has-post-thumbnail","6":"product_cat-madidi-jungle-day-tours","7":"desktop-align-left","8":"tablet-align-left","9":"mobile-align-left","11":"first","12":"instock","13":"sold-individually","14":"shipping-taxable","15":"purchasable","16":"product-type-variable"},"yoast_head":"<!-- This site is optimized with the Yoast SEO plugin v27.4 - https:\/\/yoast.com\/product\/yoast-seo-wordpress\/ -->\n<title>Ca\u00f1\u00f3n del Bala Madidi Jungle Day Tour from Rurrenabaque &#8211; Madidi Kullpana Ecolodge<\/title>\n<meta name=\"robots\" content=\"index, follow, max-snippet:-1, max-image-preview:large, max-video-preview:-1\" \/>\n<link rel=\"canonical\" href=\"https:\/\/madidi-kullpana-ecolodge.info\/de\/\" \/>\n<meta property=\"og:locale\" content=\"de_DE\" \/>\n<meta property=\"og:type\" content=\"article\" \/>\n<meta property=\"og:title\" content=\"Ca\u00f1\u00f3n del Bala Madidi Jungle Day Tour from Rurrenabaque &#8211; Madidi Kullpana Ecolodge\" \/>\n<meta property=\"og:description\" content=\"\ud83d\udccd Boat trip across R\u00edo Beni \ud83d\udccd Tour through Ca\u00f1\u00f3n del Bala \ud83d\udccd Visit and activity at the sugarcane mill \ud83d\udef6 Tour transport included \ud83e\udd51 Meals included \ud83e\udd7e Provision of rubber boots \ud83d\udc63 Certified guide Spanish\/English included \ud83c\udf9f\ufe0f Community entrance included \ud83c\udf9f\ufe0f Ca\u00f1\u00f3n del Bala entrance included \u26a0\ufe0f Madidi entrance not included \ud83e\udd1d Discount applies from 2 persons\" \/>\n<meta property=\"og:url\" content=\"https:\/\/madidi-kullpana-ecolodge.info\/de\/tour\/canon-del-bala-madidi-jungle-day-tour-from-rurrenabaque\/\" \/>\n<meta property=\"og:site_name\" content=\"Madidi Kullpana Ecolodge\" \/>\n<meta property=\"article:publisher\" content=\"https:\/\/www.facebook.com\/madidi.kullpana.ecolodge\" \/>\n<meta property=\"article:modified_time\" content=\"2026-03-17T17:00:47+00:00\" \/>\n<meta property=\"og:image\" content=\"https:\/\/madidi-kullpana-ecolodge.info\/wp-content\/uploads\/2026\/03\/day-tour-canon-del-bala-rio-beni-bolivia.webp\" \/>\n\t<meta property=\"og:image:width\" content=\"1024\" \/>\n\t<meta property=\"og:image:height\" content=\"1024\" \/>\n\t<meta property=\"og:image:type\" content=\"image\/webp\" \/>\n<meta name=\"twitter:card\" content=\"summary_large_image\" \/>\n<meta name=\"twitter:label1\" content=\"Gesch\u00e4tzte Lesezeit\" \/>\n\t<meta name=\"twitter:data1\" content=\"1\u00a0Minute\" \/>\n<script type=\"application\/ld+json\" class=\"yoast-schema-graph\">{\"@context\":\"https:\\\/\\\/schema.org\",\"@graph\":[{\"@type\":\"WebPage\",\"@id\":\"https:\\\/\\\/madidi-kullpana-ecolodge.info\\\/de\\\/tour\\\/canon-del-bala-madidi-jungle-day-tour-from-rurrenabaque\\\/\",\"url\":\"https:\\\/\\\/madidi-kullpana-ecolodge.info\\\/de\\\/tour\\\/canon-del-bala-madidi-jungle-day-tour-from-rurrenabaque\\\/\",\"name\":\"Ca\u00f1\u00f3n del Bala Madidi Jungle Day Tour from Rurrenabaque &#8211; Madidi Kullpana Ecolodge\",\"isPartOf\":{\"@id\":\"https:\\\/\\\/madidi-kullpana-ecolodge.info\\\/#website\"},\"primaryImageOfPage\":{\"@id\":\"https:\\\/\\\/madidi-kullpana-ecolodge.info\\\/de\\\/tour\\\/canon-del-bala-madidi-jungle-day-tour-from-rurrenabaque\\\/#primaryimage\"},\"image\":{\"@id\":\"https:\\\/\\\/madidi-kullpana-ecolodge.info\\\/de\\\/tour\\\/canon-del-bala-madidi-jungle-day-tour-from-rurrenabaque\\\/#primaryimage\"},\"thumbnailUrl\":\"https:\\\/\\\/madidi-kullpana-ecolodge.info\\\/wp-content\\\/uploads\\\/2026\\\/03\\\/day-tour-canon-del-bala-rio-beni-bolivia.webp\",\"datePublished\":\"2026-03-15T15:42:18+00:00\",\"dateModified\":\"2026-03-17T17:00:47+00:00\",\"breadcrumb\":{\"@id\":\"https:\\\/\\\/madidi-kullpana-ecolodge.info\\\/de\\\/tour\\\/canon-del-bala-madidi-jungle-day-tour-from-rurrenabaque\\\/#breadcrumb\"},\"inLanguage\":\"de\",\"potentialAction\":[{\"@type\":\"ReadAction\",\"target\":[\"https:\\\/\\\/madidi-kullpana-ecolodge.info\\\/de\\\/tour\\\/canon-del-bala-madidi-jungle-day-tour-from-rurrenabaque\\\/\"]}]},{\"@type\":\"ImageObject\",\"inLanguage\":\"de\",\"@id\":\"https:\\\/\\\/madidi-kullpana-ecolodge.info\\\/de\\\/tour\\\/canon-del-bala-madidi-jungle-day-tour-from-rurrenabaque\\\/#primaryimage\",\"url\":\"https:\\\/\\\/madidi-kullpana-ecolodge.info\\\/wp-content\\\/uploads\\\/2026\\\/03\\\/day-tour-canon-del-bala-rio-beni-bolivia.webp\",\"contentUrl\":\"https:\\\/\\\/madidi-kullpana-ecolodge.info\\\/wp-content\\\/uploads\\\/2026\\\/03\\\/day-tour-canon-del-bala-rio-beni-bolivia.webp\",\"width\":1024,\"height\":1024,\"caption\":\"Day tour to Ca\u00f1\u00f3n del Bala on the R\u00edo Beni.\"},{\"@type\":\"BreadcrumbList\",\"@id\":\"https:\\\/\\\/madidi-kullpana-ecolodge.info\\\/de\\\/tour\\\/canon-del-bala-madidi-jungle-day-tour-from-rurrenabaque\\\/#breadcrumb\",\"itemListElement\":[{\"@type\":\"ListItem\",\"position\":1,\"name\":\"HOME\",\"item\":\"https:\\\/\\\/madidi-kullpana-ecolodge.info\\\/\"},{\"@type\":\"ListItem\",\"position\":2,\"name\":\"BOOKING\",\"item\":\"https:\\\/\\\/madidi-kullpana-ecolodge.info\\\/booking\\\/\"},{\"@type\":\"ListItem\",\"position\":3,\"name\":\"Ca\u00f1\u00f3n del Bala Madidi Jungle Day Tour from Rurrenabaque\"}]},{\"@type\":\"WebSite\",\"@id\":\"https:\\\/\\\/madidi-kullpana-ecolodge.info\\\/de\\\/#website\",\"url\":\"https:\\\/\\\/madidi-kullpana-ecolodge.info\\\/de\\\/\",\"name\":\"Madidi Kullpana Ecolodge\",\"description\":\"Jungle &amp; Pampas Tours \u2013 Authentic Indigenous Adventures in Amazon Bolivia\",\"publisher\":{\"@id\":\"https:\\\/\\\/madidi-kullpana-ecolodge.info\\\/de\\\/#organization\"},\"alternateName\":\"Madidi Kullpana Ecolodge \u2013 Jungle & Pampas Tours\",\"potentialAction\":[{\"@type\":\"SearchAction\",\"target\":{\"@type\":\"EntryPoint\",\"urlTemplate\":\"https:\\\/\\\/madidi-kullpana-ecolodge.info\\\/de\\\/?s={search_term_string}\"},\"query-input\":{\"@type\":\"PropertyValueSpecification\",\"valueRequired\":true,\"valueName\":\"search_term_string\"}}],\"inLanguage\":\"de\"},{\"@type\":\"Organization\",\"@id\":\"https:\\\/\\\/madidi-kullpana-ecolodge.info\\\/de\\\/#organization\",\"name\":\"Madidi Kullpana Ecolodge\",\"alternateName\":\"Jungle & Pampas Tours in Bolivia \u2013 Madidi Kullpana Ecolodge\",\"url\":\"https:\\\/\\\/madidi-kullpana-ecolodge.info\\\/de\\\/\",\"logo\":{\"@type\":\"ImageObject\",\"inLanguage\":\"de\",\"@id\":\"https:\\\/\\\/madidi-kullpana-ecolodge.info\\\/de\\\/#\\\/schema\\\/logo\\\/image\\\/\",\"url\":\"https:\\\/\\\/madidi-kullpana-ecolodge.info\\\/wp-content\\\/uploads\\\/2025\\\/08\\\/cropped-icon_logo-madidi-kullpana_400x380.png\",\"contentUrl\":\"https:\\\/\\\/madidi-kullpana-ecolodge.info\\\/wp-content\\\/uploads\\\/2025\\\/08\\\/cropped-icon_logo-madidi-kullpana_400x380.png\",\"width\":512,\"height\":512,\"caption\":\"Madidi Kullpana Ecolodge\"},\"image\":{\"@id\":\"https:\\\/\\\/madidi-kullpana-ecolodge.info\\\/de\\\/#\\\/schema\\\/logo\\\/image\\\/\"},\"sameAs\":[\"https:\\\/\\\/www.facebook.com\\\/madidi.kullpana.ecolodge\",\"https:\\\/\\\/www.tiktok.com\\\/@madidi.kullpana.e\",\"https:\\\/\\\/www.youtube.com\\\/channel\\\/UCdCdS1lpVdw3NBq18CFtyDQ\",\"https:\\\/\\\/wa.me\\\/4915566083233\"]}]}<\/script>\n<!-- \/ Yoast SEO plugin. -->","yoast_head_json":{"title":"Ca\u00f1\u00f3n del Bala Madidi Jungle Day Tour from Rurrenabaque &#8211; Madidi Kullpana Ecolodge","robots":{"index":"index","follow":"follow","max-snippet":"max-snippet:-1","max-image-preview":"max-image-preview:large","max-video-preview":"max-video-preview:-1"},"canonical":"https:\/\/madidi-kullpana-ecolodge.info\/de\/","og_locale":"de_DE","og_type":"article","og_title":"Ca\u00f1\u00f3n del Bala Madidi Jungle Day Tour from Rurrenabaque &#8211; Madidi Kullpana Ecolodge","og_description":"\ud83d\udccd Boat trip across R\u00edo Beni \ud83d\udccd Tour through Ca\u00f1\u00f3n del Bala \ud83d\udccd Visit and activity at the sugarcane mill \ud83d\udef6 Tour transport included \ud83e\udd51 Meals included \ud83e\udd7e Provision of rubber boots \ud83d\udc63 Certified guide Spanish\/English included \ud83c\udf9f\ufe0f Community entrance included \ud83c\udf9f\ufe0f Ca\u00f1\u00f3n del Bala entrance included \u26a0\ufe0f Madidi entrance not included \ud83e\udd1d Discount applies from 2 persons","og_url":"https:\/\/madidi-kullpana-ecolodge.info\/de\/tour\/canon-del-bala-madidi-jungle-day-tour-from-rurrenabaque\/","og_site_name":"Madidi Kullpana Ecolodge","article_publisher":"https:\/\/www.facebook.com\/madidi.kullpana.ecolodge","article_modified_time":"2026-03-17T17:00:47+00:00","og_image":[{"width":1024,"height":1024,"url":"https:\/\/madidi-kullpana-ecolodge.info\/wp-content\/uploads\/2026\/03\/day-tour-canon-del-bala-rio-beni-bolivia.webp","type":"image\/webp"}],"twitter_card":"summary_large_image","twitter_misc":{"Gesch\u00e4tzte Lesezeit":"1\u00a0Minute"},"schema":{"@context":"https:\/\/schema.org","@graph":[{"@type":"WebPage","@id":"https:\/\/madidi-kullpana-ecolodge.info\/de\/tour\/canon-del-bala-madidi-jungle-day-tour-from-rurrenabaque\/","url":"https:\/\/madidi-kullpana-ecolodge.info\/de\/tour\/canon-del-bala-madidi-jungle-day-tour-from-rurrenabaque\/","name":"Ca\u00f1\u00f3n del Bala Madidi Jungle Day Tour from Rurrenabaque &#8211; Madidi Kullpana Ecolodge","isPartOf":{"@id":"https:\/\/madidi-kullpana-ecolodge.info\/#website"},"primaryImageOfPage":{"@id":"https:\/\/madidi-kullpana-ecolodge.info\/de\/tour\/canon-del-bala-madidi-jungle-day-tour-from-rurrenabaque\/#primaryimage"},"image":{"@id":"https:\/\/madidi-kullpana-ecolodge.info\/de\/tour\/canon-del-bala-madidi-jungle-day-tour-from-rurrenabaque\/#primaryimage"},"thumbnailUrl":"https:\/\/madidi-kullpana-ecolodge.info\/wp-content\/uploads\/2026\/03\/day-tour-canon-del-bala-rio-beni-bolivia.webp","datePublished":"2026-03-15T15:42:18+00:00","dateModified":"2026-03-17T17:00:47+00:00","breadcrumb":{"@id":"https:\/\/madidi-kullpana-ecolodge.info\/de\/tour\/canon-del-bala-madidi-jungle-day-tour-from-rurrenabaque\/#breadcrumb"},"inLanguage":"de","potentialAction":[{"@type":"ReadAction","target":["https:\/\/madidi-kullpana-ecolodge.info\/de\/tour\/canon-del-bala-madidi-jungle-day-tour-from-rurrenabaque\/"]}]},{"@type":"ImageObject","inLanguage":"de","@id":"https:\/\/madidi-kullpana-ecolodge.info\/de\/tour\/canon-del-bala-madidi-jungle-day-tour-from-rurrenabaque\/#primaryimage","url":"https:\/\/madidi-kullpana-ecolodge.info\/wp-content\/uploads\/2026\/03\/day-tour-canon-del-bala-rio-beni-bolivia.webp","contentUrl":"https:\/\/madidi-kullpana-ecolodge.info\/wp-content\/uploads\/2026\/03\/day-tour-canon-del-bala-rio-beni-bolivia.webp","width":1024,"height":1024,"caption":"Day tour to Ca\u00f1\u00f3n del Bala on the R\u00edo Beni."},{"@type":"BreadcrumbList","@id":"https:\/\/madidi-kullpana-ecolodge.info\/de\/tour\/canon-del-bala-madidi-jungle-day-tour-from-rurrenabaque\/#breadcrumb","itemListElement":[{"@type":"ListItem","position":1,"name":"HOME","item":"https:\/\/madidi-kullpana-ecolodge.info\/"},{"@type":"ListItem","position":2,"name":"BOOKING","item":"https:\/\/madidi-kullpana-ecolodge.info\/booking\/"},{"@type":"ListItem","position":3,"name":"Ca\u00f1\u00f3n del Bala Madidi Jungle Day Tour from Rurrenabaque"}]},{"@type":"WebSite","@id":"https:\/\/madidi-kullpana-ecolodge.info\/de\/#website","url":"https:\/\/madidi-kullpana-ecolodge.info\/de\/","name":"Madidi Kullpana Ecolodge","description":"Jungle &amp; Pampas Tours \u2013 Authentic Indigenous Adventures in Amazon Bolivia","publisher":{"@id":"https:\/\/madidi-kullpana-ecolodge.info\/de\/#organization"},"alternateName":"Madidi Kullpana Ecolodge \u2013 Jungle & Pampas Tours","potentialAction":[{"@type":"SearchAction","target":{"@type":"EntryPoint","urlTemplate":"https:\/\/madidi-kullpana-ecolodge.info\/de\/?s={search_term_string}"},"query-input":{"@type":"PropertyValueSpecification","valueRequired":true,"valueName":"search_term_string"}}],"inLanguage":"de"},{"@type":"Organization","@id":"https:\/\/madidi-kullpana-ecolodge.info\/de\/#organization","name":"Madidi Kullpana Ecolodge","alternateName":"Jungle & Pampas Tours in Bolivia \u2013 Madidi Kullpana Ecolodge","url":"https:\/\/madidi-kullpana-ecolodge.info\/de\/","logo":{"@type":"ImageObject","inLanguage":"de","@id":"https:\/\/madidi-kullpana-ecolodge.info\/de\/#\/schema\/logo\/image\/","url":"https:\/\/madidi-kullpana-ecolodge.info\/wp-content\/uploads\/2025\/08\/cropped-icon_logo-madidi-kullpana_400x380.png","contentUrl":"https:\/\/madidi-kullpana-ecolodge.info\/wp-content\/uploads\/2025\/08\/cropped-icon_logo-madidi-kullpana_400x380.png","width":512,"height":512,"caption":"Madidi Kullpana Ecolodge"},"image":{"@id":"https:\/\/madidi-kullpana-ecolodge.info\/de\/#\/schema\/logo\/image\/"},"sameAs":["https:\/\/www.facebook.com\/madidi.kullpana.ecolodge","https:\/\/www.tiktok.com\/@madidi.kullpana.e","https:\/\/www.youtube.com\/channel\/UCdCdS1lpVdw3NBq18CFtyDQ","https:\/\/wa.me\/4915566083233"]}]}},"_links":{"self":[{"href":"https:\/\/madidi-kullpana-ecolodge.info\/de\/wp-json\/wp\/v2\/product\/6197","targetHints":{"allow":["GET"]}}],"collection":[{"href":"https:\/\/madidi-kullpana-ecolodge.info\/de\/wp-json\/wp\/v2\/product"}],"about":[{"href":"https:\/\/madidi-kullpana-ecolodge.info\/de\/wp-json\/wp\/v2\/types\/product"}],"wp:featuredmedia":[{"embeddable":true,"href":"https:\/\/madidi-kullpana-ecolodge.info\/de\/wp-json\/wp\/v2\/media\/6182"}],"wp:attachment":[{"href":"https:\/\/madidi-kullpana-ecolodge.info\/de\/wp-json\/wp\/v2\/media?parent=6197"}],"wp:term":[{"taxonomy":"product_brand","embeddable":true,"href":"https:\/\/madidi-kullpana-ecolodge.info\/de\/wp-json\/wp\/v2\/product_brand?post=6197"},{"taxonomy":"product_cat","embeddable":true,"href":"https:\/\/madidi-kullpana-ecolodge.info\/de\/wp-json\/wp\/v2\/product_cat?post=6197"},{"taxonomy":"product_tag","embeddable":true,"href":"https:\/\/madidi-kullpana-ecolodge.info\/de\/wp-json\/wp\/v2\/product_tag?post=6197"}],"curies":[{"name":"wp","href":"https:\/\/api.w.org\/{rel}","templated":true}]}}